{"id":504,"date":"2024-08-15T13:57:18","date_gmt":"2024-08-15T11:57:18","guid":{"rendered":"http:\/\/www.impassator.fr\/wordpress\/?page_id=504"},"modified":"2025-03-09T16:20:55","modified_gmt":"2025-03-09T15:20:55","slug":"conseil-2","status":"publish","type":"page","link":"http:\/\/www.impassator.fr\/wordpress\/conseil-2\/","title":{"rendered":"Conseil lecture"},"content":{"rendered":"\n<p><\/p>\n\n\n\n<div class=\"wp-block-cover alignfull is-light\" style=\"min-height:100vh;aspect-ratio:unset;\"><span aria-hidden=\"true\" class=\"wp-block-cover__background has-background-dim-100 has-background-dim\" style=\"background-color:#ffffff\"><\/span><div class=\"wp-block-cover__inner-container is-layout-flow wp-block-cover-is-layout-flow\">\n<div class=\"wp-block-media-text alignwide is-stacked-on-mobile is-vertically-aligned-center is-image-fill\"><figure class=\"wp-block-media-text__media\" style=\"background-image:url(http:\/\/www.impassator.fr\/wordpress\/wp-content\/uploads\/2024\/08\/Screenshot-2024-08-15-at-14-00-26-White-blood-Recherche-Google.png);background-position:4% 8%\"><img loading=\"lazy\" decoding=\"async\" width=\"319\" height=\"443\" src=\"http:\/\/www.impassator.fr\/wordpress\/wp-content\/uploads\/2024\/08\/Screenshot-2024-08-15-at-14-00-26-White-blood-Recherche-Google.png\" alt=\"\" class=\"wp-image-507 size-full\" srcset=\"http:\/\/www.impassator.fr\/wordpress\/wp-content\/uploads\/2024\/08\/Screenshot-2024-08-15-at-14-00-26-White-blood-Recherche-Google.png 319w, http:\/\/www.impassator.fr\/wordpress\/wp-content\/uploads\/2024\/08\/Screenshot-2024-08-15-at-14-00-26-White-blood-Recherche-Google-216x300.png 216w\" sizes=\"auto, (max-width: 319px) 100vw, 319px\" \/><\/figure><div class=\"wp-block-media-text__content\">\n<h2 class=\"wp-block-heading has-text-color\" style=\"color:#000000;font-size:32px\"><strong>White Blood<\/strong><\/h2>\n\n\n\n<p class=\"has-text-color\" style=\"color:#000000;font-size:17px\">Park Hayan est une vampire de sang pur qui ne r\u00eave que de vivre en paix avec les humains. Mais pour ces derniers, les vampires sont des monstres effrayants. Et chaque nouveau meurtre commis par un vampire renforce la haine que les humains leur vouent.<\/p>\n\n\n\n<div class=\"wp-block-buttons is-layout-flex wp-block-buttons-is-layout-flex\">\n<div class=\"wp-block-button is-style-fill\"><a class=\"wp-block-button__link wp-element-button\" href=\"http:\/\/www.impassator.fr\/wordpress\/2024\/08\/15\/white-blood\/\" target=\"_blank\" rel=\"noreferrer noopener\">Lire l&rsquo;avis de Kimyona<\/a><\/div>\n<\/div>\n<\/div><\/div>\n\n\n\n<p><\/p>\n\n\n\n<div class=\"wp-block-media-text alignwide is-stacked-on-mobile\"><figure class=\"wp-block-media-text__media\"><img loading=\"lazy\" decoding=\"async\" width=\"313\" height=\"442\" src=\"http:\/\/www.impassator.fr\/wordpress\/wp-content\/uploads\/2024\/10\/Screenshot-2024-10-05-at-15-11-28-loiseau-de-lest-Recherche-Google-1.png\" alt=\"\" class=\"wp-image-595 size-full\" srcset=\"http:\/\/www.impassator.fr\/wordpress\/wp-content\/uploads\/2024\/10\/Screenshot-2024-10-05-at-15-11-28-loiseau-de-lest-Recherche-Google-1.png 313w, http:\/\/www.impassator.fr\/wordpress\/wp-content\/uploads\/2024\/10\/Screenshot-2024-10-05-at-15-11-28-loiseau-de-lest-Recherche-Google-1-212x300.png 212w\" sizes=\"auto, (max-width: 313px) 100vw, 313px\" \/><\/figure><div class=\"wp-block-media-text__content\">\n<p>R\u00e9sum\u00e9<\/p>\n\n\n\n<p>&lt;&lt; laisse tomber. Tu n\u2019y arriveras jamais. Tu es une honte a la famille Mayumi, parasite. Tu peux partir. Nous ne tarderons pas a tous t\u2019oubier.&gt;&gt; Le prince Natsuhiko Mayumi est le premier du royaume de Soligaru a naitre sans magie. Insult\u00e9 et d\u00e9nigr\u00e9 pour cette raison, accompagn\u00e9 uniquement de son vassal Sora, il part pour les mysterieuse montagnes d\u2019Iggudera par dela lesquelleq il espere trouver les reponses a ses questions.<\/p>\n\n\n\n<div class=\"wp-block-buttons is-layout-flex wp-block-buttons-is-layout-flex\">\n<div class=\"wp-block-button\"><a class=\"wp-block-button__link wp-element-button\" href=\"http:\/\/www.impassator.fr\/wordpress\/2024\/08\/15\/loiseau-de-lest\/\" target=\"_blank\" rel=\"noreferrer noopener\">Lire l&rsquo;avis de Kimyona<\/a><\/div>\n<\/div>\n<\/div><\/div>\n\n\n\n<p><\/p>\n\n\n\n<div class=\"wp-block-media-text alignwide is-stacked-on-mobile\"><figure class=\"wp-block-media-text__media\"><img loading=\"lazy\" decoding=\"async\" width=\"255\" height=\"362\" src=\"http:\/\/www.impassator.fr\/wordpress\/wp-content\/uploads\/2024\/10\/Screenshot-2024-10-05-at-14-32-59-dr-stone-Recherche-Google-2.png\" alt=\"\" class=\"wp-image-592 size-full\" srcset=\"http:\/\/www.impassator.fr\/wordpress\/wp-content\/uploads\/2024\/10\/Screenshot-2024-10-05-at-14-32-59-dr-stone-Recherche-Google-2.png 255w, http:\/\/www.impassator.fr\/wordpress\/wp-content\/uploads\/2024\/10\/Screenshot-2024-10-05-at-14-32-59-dr-stone-Recherche-Google-2-211x300.png 211w\" sizes=\"auto, (max-width: 255px) 100vw, 255px\" \/><\/figure><div class=\"wp-block-media-text__content\">\n<p>Taiju, un lyc\u00e9en tokyo\u00efte, est un jour victime d&rsquo;un ph\u00e9nom\u00e8ne myst\u00e9rieux : en une fraction de seconde, l&rsquo;humanit\u00e9 enti\u00e8re est transform\u00e9e en pierre ! Des milliers d&rsquo;ann\u00e9es plus tard, \u00e0 son r\u00e9veil, il d\u00e9cide de reb\u00e2tir la civilisation \u00e0 partir de z\u00e9ro avec son ami Senku ! <\/p>\n\n\n\n<div class=\"wp-block-buttons is-layout-flex wp-block-buttons-is-layout-flex\">\n<div class=\"wp-block-button\"><a class=\"wp-block-button__link wp-element-button\" href=\"http:\/\/www.impassator.fr\/wordpress\/2024\/10\/05\/dr-stone\/\" target=\"_blank\" rel=\"noreferrer noopener\">Lire l&rsquo;avis de Kimyona<\/a><\/div>\n<\/div>\n<\/div><\/div>\n<\/div><\/div>\n","protected":false},"excerpt":{"rendered":"","protected":false},"author":1,"featured_media":0,"parent":0,"menu_order":0,"comment_status":"closed","ping_status":"closed","template":"","meta":{"footnotes":""},"class_list":["post-504","page","type-page","status-publish","hentry"],"_links":{"self":[{"href":"http:\/\/www.impassator.fr\/wordpress\/wp-json\/wp\/v2\/pages\/504","targetHints":{"allow":["GET"]}}],"collection":[{"href":"http:\/\/www.impassator.fr\/wordpress\/wp-json\/wp\/v2\/pages"}],"about":[{"href":"http:\/\/www.impassator.fr\/wordpress\/wp-json\/wp\/v2\/types\/page"}],"author":[{"embeddable":true,"href":"http:\/\/www.impassator.fr\/wordpress\/wp-json\/wp\/v2\/users\/1"}],"replies":[{"embeddable":true,"href":"http:\/\/www.impassator.fr\/wordpress\/wp-json\/wp\/v2\/comments?post=504"}],"version-history":[{"count":9,"href":"http:\/\/www.impassator.fr\/wordpress\/wp-json\/wp\/v2\/pages\/504\/revisions"}],"predecessor-version":[{"id":660,"href":"http:\/\/www.impassator.fr\/wordpress\/wp-json\/wp\/v2\/pages\/504\/revisions\/660"}],"wp:attachment":[{"href":"http:\/\/www.impassator.fr\/wordpress\/wp-json\/wp\/v2\/media?parent=504"}],"curies":[{"name":"wp","href":"https:\/\/api.w.org\/{rel}","templated":true}]}}