{"id":524,"date":"2024-08-15T21:31:39","date_gmt":"2024-08-15T19:31:39","guid":{"rendered":"http:\/\/www.impassator.fr\/wordpress\/?page_id=524"},"modified":"2025-09-10T09:15:51","modified_gmt":"2025-09-10T07:15:51","slug":"524-2","status":"publish","type":"page","link":"http:\/\/www.impassator.fr\/wordpress\/524-2\/","title":{"rendered":"conseil s\u00e9rie"},"content":{"rendered":"\n<div class=\"wp-block-columns is-layout-flex wp-container-core-columns-is-layout-9d6595d7 wp-block-columns-is-layout-flex\">\n<div class=\"wp-block-column is-layout-flow wp-block-column-is-layout-flow\" style=\"flex-basis:100%\">\n<div class=\"wp-block-group alignwide\"><div class=\"wp-block-group__inner-container is-layout-constrained wp-block-group-is-layout-constrained\">\n<div class=\"wp-block-media-text alignwide is-stacked-on-mobile is-vertically-aligned-center\" style=\"grid-template-columns:45% auto\"><figure class=\"wp-block-media-text__media\"><img loading=\"lazy\" decoding=\"async\" width=\"526\" height=\"740\" src=\"http:\/\/www.impassator.fr\/wordpress\/wp-content\/uploads\/2024\/09\/Screenshot-2024-09-22-at-19-35-35-Le-Jeu-de-la-dame-2020.png\" alt=\"\" class=\"wp-image-551 size-full\" srcset=\"http:\/\/www.impassator.fr\/wordpress\/wp-content\/uploads\/2024\/09\/Screenshot-2024-09-22-at-19-35-35-Le-Jeu-de-la-dame-2020.png 526w, http:\/\/www.impassator.fr\/wordpress\/wp-content\/uploads\/2024\/09\/Screenshot-2024-09-22-at-19-35-35-Le-Jeu-de-la-dame-2020-213x300.png 213w\" sizes=\"auto, (max-width: 526px) 100vw, 526px\" \/><\/figure><div class=\"wp-block-media-text__content\">\n<p>Cette fiction suit Elisabeth Harmon, une prodige des \u00e9checs orpheline, de neuf \u00e0 vingt-deux ans, dans sa qu\u00eate pour devenir la meilleure joueuse d&rsquo;\u00e9checs du monde, tout en luttant contre des probl\u00e8mes \u00e9motionnels et une d\u00e9pendance aux drogues et \u00e0 l&rsquo;alcool.<\/p>\n\n\n\n<div class=\"wp-block-buttons is-layout-flex wp-block-buttons-is-layout-flex\">\n<div class=\"wp-block-button is-style-fill\"><a class=\"wp-block-button__link wp-element-button\" href=\"http:\/\/www.impassator.fr\/wordpress\/2024\/09\/21\/the-queens-gambit\/\" target=\"_blank\" rel=\"noreferrer noopener\">Lire l&rsquo;avis de Kimyona<\/a><\/div>\n<\/div>\n<\/div><\/div>\n<\/div><\/div>\n<\/div>\n<\/div>\n\n\n\n<p><\/p>\n\n\n\n<div class=\"wp-block-group alignwide\"><div class=\"wp-block-group__inner-container is-layout-constrained wp-block-group-is-layout-constrained\">\n<div class=\"wp-block-media-text alignwide is-stacked-on-mobile\" style=\"grid-template-columns:45% auto\"><figure class=\"wp-block-media-text__media\"><img loading=\"lazy\" decoding=\"async\" width=\"360\" height=\"529\" src=\"http:\/\/www.impassator.fr\/wordpress\/wp-content\/uploads\/2024\/10\/Screenshot-2024-10-05-at-15-07-28-sweet-home-Recherche-Google.png\" alt=\"\" class=\"wp-image-589 size-full\" srcset=\"http:\/\/www.impassator.fr\/wordpress\/wp-content\/uploads\/2024\/10\/Screenshot-2024-10-05-at-15-07-28-sweet-home-Recherche-Google.png 360w, http:\/\/www.impassator.fr\/wordpress\/wp-content\/uploads\/2024\/10\/Screenshot-2024-10-05-at-15-07-28-sweet-home-Recherche-Google-204x300.png 204w\" sizes=\"auto, (max-width: 360px) 100vw, 360px\" \/><\/figure><div class=\"wp-block-media-text__content\">\n<p>Cha Hyeon-soo (Song Kang) est solitaire et suicidaire depuis la mort de sa famille dans un accident. Il d\u00e9m\u00e9nage dans le nouvel appartement d&rsquo;une r\u00e9sidence plut\u00f4t tranquille. Tr\u00e8s vite, il remarque d&rsquo;\u00e9tranges situations qui se produisent dans son immeuble : les voisins se transmuent en monstres. <\/p>\n\n\n\n<div class=\"wp-block-buttons is-layout-flex wp-block-buttons-is-layout-flex\">\n<div class=\"wp-block-button\"><a class=\"wp-block-button__link wp-element-button\" href=\"http:\/\/www.impassator.fr\/wordpress\/2024\/09\/21\/sweet-home\/\" target=\"_blank\" rel=\"noreferrer noopener\">Lire l&rsquo;avis de Kimyona<\/a><\/div>\n<\/div>\n<\/div><\/div>\n<\/div><\/div>\n\n\n\n<p><\/p>\n\n\n\n<div class=\"wp-block-group alignwide\"><div class=\"wp-block-group__inner-container is-layout-constrained wp-block-group-is-layout-constrained\">\n<div class=\"wp-block-media-text alignwide is-stacked-on-mobile\" style=\"grid-template-columns:46% auto\"><figure class=\"wp-block-media-text__media\"><img loading=\"lazy\" decoding=\"async\" width=\"295\" height=\"400\" src=\"http:\/\/www.impassator.fr\/wordpress\/wp-content\/uploads\/2024\/10\/Screenshot-2024-10-05-at-15-16-41-souvenirs-de-gravity-falls-Recherche-Google.png\" alt=\"\" class=\"wp-image-598 size-full\" srcset=\"http:\/\/www.impassator.fr\/wordpress\/wp-content\/uploads\/2024\/10\/Screenshot-2024-10-05-at-15-16-41-souvenirs-de-gravity-falls-Recherche-Google.png 295w, http:\/\/www.impassator.fr\/wordpress\/wp-content\/uploads\/2024\/10\/Screenshot-2024-10-05-at-15-16-41-souvenirs-de-gravity-falls-Recherche-Google-221x300.png 221w\" sizes=\"auto, (max-width: 295px) 100vw, 295px\" \/><\/figure><div class=\"wp-block-media-text__content\">\n<p>Les aventures de jumeaux, un fr\u00e8re et une soeur, Dipper et Marbel Pines, dont les plans estivaux sont ruin\u00e9s lorsque leurs parents d\u00e9cident de les envoyer chez leur grand oncle Stan \u00e0 <strong>Gravity Falls<\/strong>, dans l&rsquo;Oregon. Celui-ci tient un mus\u00e9e, le plus bizarre qui soit, un attrape-touristes.<\/p>\n\n\n\n<div class=\"wp-block-buttons is-layout-flex wp-block-buttons-is-layout-flex\">\n<div class=\"wp-block-button\"><a class=\"wp-block-button__link wp-element-button\" href=\"http:\/\/www.impassator.fr\/wordpress\/2024\/10\/05\/souvenirs-de-gravity-falls\/\" target=\"_blank\" rel=\"noreferrer noopener\">Lire l&rsquo;avis de Kimyona<\/a><\/div>\n<\/div>\n<\/div><\/div>\n<\/div><\/div>\n\n\n\n<p><\/p>\n\n\n\n<div class=\"wp-block-group alignwide\"><div class=\"wp-block-group__inner-container is-layout-constrained wp-block-group-is-layout-constrained\">\n<div class=\"wp-block-media-text alignwide is-stacked-on-mobile\" style=\"grid-template-columns:46% auto\"><figure class=\"wp-block-media-text__media\"><img loading=\"lazy\" decoding=\"async\" width=\"353\" height=\"529\" src=\"http:\/\/www.impassator.fr\/wordpress\/wp-content\/uploads\/2024\/10\/Screenshot-2024-10-05-at-15-19-19-casa-de-papel-saison-1-Recherche-Google.png\" alt=\"\" class=\"wp-image-600 size-full\" srcset=\"http:\/\/www.impassator.fr\/wordpress\/wp-content\/uploads\/2024\/10\/Screenshot-2024-10-05-at-15-19-19-casa-de-papel-saison-1-Recherche-Google.png 353w, http:\/\/www.impassator.fr\/wordpress\/wp-content\/uploads\/2024\/10\/Screenshot-2024-10-05-at-15-19-19-casa-de-papel-saison-1-Recherche-Google-200x300.png 200w\" sizes=\"auto, (max-width: 353px) 100vw, 353px\" \/><\/figure><div class=\"wp-block-media-text__content\">\n<p>Un homme myst\u00e9rieux, surnomm\u00e9 le Professeur<sup><a href=\"https:\/\/fr.wikipedia.org\/wiki\/La_casa_de_papel#cite_note-3\">3<\/a><\/sup>, planifie le braquage le plus audacieux jamais r\u00e9alis\u00e9. Pour ex\u00e9cuter son plan, il recrute huit des meilleurs malfaiteurs en Espagne qui n&rsquo;ont rien \u00e0 perdre.<\/p>\n\n\n\n<div class=\"wp-block-buttons is-layout-flex wp-block-buttons-is-layout-flex\">\n<div class=\"wp-block-button\"><a class=\"wp-block-button__link wp-element-button\" href=\"http:\/\/www.impassator.fr\/wordpress\/2024\/10\/05\/la-casa-del-papel\/\" target=\"_blank\" rel=\"noreferrer noopener\">Lire l&rsquo;avis de Kimyona<\/a><\/div>\n<\/div>\n<\/div><\/div>\n<\/div><\/div>\n","protected":false},"excerpt":{"rendered":"<p>Cette fiction suit Elisabeth Harmon, une prodige des \u00e9checs orpheline, de neuf \u00e0 vingt-deux ans, dans sa qu\u00eate pour devenir la meilleure joueuse d&rsquo;\u00e9checs du monde, tout en luttant contre des probl\u00e8mes \u00e9motionnels et une d\u00e9pendance aux drogues et \u00e0 l&rsquo;alcool. Cha Hyeon-soo (Song Kang) est solitaire et suicidaire depuis la mort de sa famille [&hellip;]<\/p>\n","protected":false},"author":1,"featured_media":0,"parent":0,"menu_order":0,"comment_status":"closed","ping_status":"closed","template":"","meta":{"footnotes":""},"class_list":["post-524","page","type-page","status-publish","hentry"],"_links":{"self":[{"href":"http:\/\/www.impassator.fr\/wordpress\/wp-json\/wp\/v2\/pages\/524","targetHints":{"allow":["GET"]}}],"collection":[{"href":"http:\/\/www.impassator.fr\/wordpress\/wp-json\/wp\/v2\/pages"}],"about":[{"href":"http:\/\/www.impassator.fr\/wordpress\/wp-json\/wp\/v2\/types\/page"}],"author":[{"embeddable":true,"href":"http:\/\/www.impassator.fr\/wordpress\/wp-json\/wp\/v2\/users\/1"}],"replies":[{"embeddable":true,"href":"http:\/\/www.impassator.fr\/wordpress\/wp-json\/wp\/v2\/comments?post=524"}],"version-history":[{"count":14,"href":"http:\/\/www.impassator.fr\/wordpress\/wp-json\/wp\/v2\/pages\/524\/revisions"}],"predecessor-version":[{"id":667,"href":"http:\/\/www.impassator.fr\/wordpress\/wp-json\/wp\/v2\/pages\/524\/revisions\/667"}],"wp:attachment":[{"href":"http:\/\/www.impassator.fr\/wordpress\/wp-json\/wp\/v2\/media?parent=524"}],"curies":[{"name":"wp","href":"https:\/\/api.w.org\/{rel}","templated":true}]}}